{"id":2,"date":"2016-05-10T03:48:21","date_gmt":"2016-05-10T03:48:21","guid":{"rendered":"http:\/\/wp452m.a10-52-158-154.qa.plesk.ru\/wordpress\/?page_id=2"},"modified":"2019-01-08T19:04:22","modified_gmt":"2019-01-08T19:04:22","slug":"sample-page","status":"publish","type":"page","link":"http:\/\/estampadosprato.com\/","title":{"rendered":"Estampados Prato"},"content":{"rendered":"<p>Estampados Prato, empresa fundada en 1967, es una compa\u00f1\u00eda especializada en estampaci\u00f3n y acabados de tejidos para la decoraci\u00f3n.<\/p>\n<p>Durante los m\u00e1s de 50 a\u00f1os de experiencia en el sector textil, nuestro compromiso siempre ha sido el continuo desarrollo y mejora en todos los servicios que ofrecemos a nuestros clientes, apostando por las mejores tecnolog\u00edas del sector.<\/p>\n<p>Nuestra flexibilidad, dinamismo y capacidad de respuesta refuerzan nuestra implicaci\u00f3n y compromiso con el \u00e9xito de nuestros clientes, a quienes ofrecemos nuestros servicios.<\/p>\n<p>La pol\u00edtica de la compa\u00f1\u00eda se basa, principalmente, en los siguientes pilares: calidad, amplia gama de servicios y seriedad en nuestros compromisos.<\/p>\n<p>Estampados Prato apuesta por una pol\u00edtica encaminada al respeto al medio ambiente. Dispone en sus instalaciones de una planta depuradora de aguas residuales, que permite verter dentro de los par\u00e1metros legalmente exigidos y adem\u00e1s contribuye a un importante ahorro en agua. Adem\u00e1s, se exige que los colorantes y dem\u00e1s productos qu\u00edmicos de los que se abastece cumplan, de forma rigurosa, la normativa europea en vigor.<\/p>\n<p>&nbsp;<\/p>\n<p>&nbsp;<\/p>\n<p><img loading=\"lazy\" decoding=\"async\" class=\"aligncenter size-full wp-image-80\" src=\"http:\/\/estampadosprato.com\/wp-content\/uploads\/2017\/10\/LempresaEstampadosPr_16135_824.jpg\" alt=\"\" width=\"750\" height=\"500\" srcset=\"http:\/\/estampadosprato.com\/wp-content\/uploads\/2017\/10\/LempresaEstampadosPr_16135_824.jpg 750w, http:\/\/estampadosprato.com\/wp-content\/uploads\/2017\/10\/LempresaEstampadosPr_16135_824-300x200.jpg 300w\" sizes=\"auto, (max-width: 750px) 100vw, 750px\" \/><\/p>\n<p>&nbsp;<\/p>\n<p>&nbsp;<\/p>\n<p>&nbsp;<\/p>\n","protected":false},"excerpt":{"rendered":"<p>Estampados Prato, empresa fundada en 1967, es una compa\u00f1\u00eda especializada en estampaci\u00f3n y acabados de tejidos para la decoraci\u00f3n. Durante los m\u00e1s de 50 a\u00f1os de experiencia en el sector&#8230; <a href=\"http:\/\/estampadosprato.com\/\">Leer m\u00e1s &raquo;<\/a><\/p>\n","protected":false},"author":1,"featured_media":0,"parent":0,"menu_order":0,"comment_status":"closed","ping_status":"open","template":"","meta":{"footnotes":""},"class_list":["post-2","page","type-page","status-publish","hentry"],"_links":{"self":[{"href":"http:\/\/estampadosprato.com\/index.php?rest_route=\/wp\/v2\/pages\/2","targetHints":{"allow":["GET"]}}],"collection":[{"href":"http:\/\/estampadosprato.com\/index.php?rest_route=\/wp\/v2\/pages"}],"about":[{"href":"http:\/\/estampadosprato.com\/index.php?rest_route=\/wp\/v2\/types\/page"}],"author":[{"embeddable":true,"href":"http:\/\/estampadosprato.com\/index.php?rest_route=\/wp\/v2\/users\/1"}],"replies":[{"embeddable":true,"href":"http:\/\/estampadosprato.com\/index.php?rest_route=%2Fwp%2Fv2%2Fcomments&post=2"}],"version-history":[{"count":20,"href":"http:\/\/estampadosprato.com\/index.php?rest_route=\/wp\/v2\/pages\/2\/revisions"}],"predecessor-version":[{"id":433,"href":"http:\/\/estampadosprato.com\/index.php?rest_route=\/wp\/v2\/pages\/2\/revisions\/433"}],"wp:attachment":[{"href":"http:\/\/estampadosprato.com\/index.php?rest_route=%2Fwp%2Fv2%2Fmedia&parent=2"}],"curies":[{"name":"wp","href":"https:\/\/api.w.org\/{rel}","templated":true}]}}