{"id":196,"date":"2018-12-19T08:51:37","date_gmt":"2018-12-19T08:51:37","guid":{"rendered":"http:\/\/estampadosprato.com\/?page_id=196"},"modified":"2018-12-20T12:19:53","modified_gmt":"2018-12-20T12:19:53","slug":"historia","status":"publish","type":"page","link":"http:\/\/estampadosprato.com\/?page_id=196","title":{"rendered":"Historia"},"content":{"rendered":"<p>&nbsp;<\/p>\n<p><span style=\"color: #022129; font-family: Verdana;\"><b>\u00a0\u00a0 Estampados Prato<\/b> se fund\u00f3 en 1967 por tres j\u00f3venes emprendedores, Enrique Prats Serra, Rafael y Fernando Torregrosa Alcaraz, quienes supieron aprovechar las buenas perspectivas de futuro, consecuencia del desarrollo econ\u00f3mico del pa\u00eds, en la d\u00e9cada de los 60.<\/p>\n<p><\/span><\/p>\n<p><span style=\"color: #022129; font-family: Verdana;\">\u00a0\u00a0\u00a0 En un principio el proceso de estampaci\u00f3n era totalmente artesanal, pero debido al aumento de demanda, pronto se tuvo que instalar maquinaria de estampaci\u00f3n autom\u00e1tica y un rame de acabados. <b>Estampados Prato<\/b> tuvo su etapa de mayor crecimiento durante la mitad de la d\u00e9cada de los sesenta y principios de los noventa.<\/p>\n<p><\/span><\/p>\n<p><span style=\"color: #022129; font-family: Verdana;\">\u00a0\u00a0\u00a0 Durante la primera d\u00e9cada del Siglo XXI, a pesar de la profunda crisis que afecto al sector textil, Estampados Prato aposto por emprender un arriesgado proceso de innovaci\u00f3n tecnol\u00f3gica y diversificaci\u00f3n de la producci\u00f3n.<\/p>\n<p><\/span><\/p>\n<p><span style=\"color: #022129; font-family: Verdana;\">\u00a0\u00a0\u00a0 <b>Estampados Prato<\/b>, en estos 50 a\u00f1os, ha sabido adaptarse a las distintas necesidades del mercado y apostar por una continua inversi\u00f3n de capital en maquinaria, lo que, sumado a la diversificaci\u00f3n de la empresa, desde su creaci\u00f3n hasta la actualidad, ha garantizado su crecimiento constante.<\/span><\/p>\n<p>&nbsp;<\/p>\n","protected":false},"excerpt":{"rendered":"<p>&nbsp; \u00a0\u00a0 Estampados Prato se fund\u00f3 en 1967 por tres j\u00f3venes emprendedores, Enrique Prats Serra, Rafael y Fernando Torregrosa Alcaraz, quienes supieron aprovechar las buenas perspectivas de futuro, consecuencia del&#8230; <a href=\"http:\/\/estampadosprato.com\/?page_id=196\">Leer m\u00e1s &raquo;<\/a><\/p>\n","protected":false},"author":1,"featured_media":0,"parent":0,"menu_order":0,"comment_status":"closed","ping_status":"closed","template":"","meta":{"footnotes":""},"class_list":["post-196","page","type-page","status-publish","hentry"],"_links":{"self":[{"href":"http:\/\/estampadosprato.com\/index.php?rest_route=\/wp\/v2\/pages\/196","targetHints":{"allow":["GET"]}}],"collection":[{"href":"http:\/\/estampadosprato.com\/index.php?rest_route=\/wp\/v2\/pages"}],"about":[{"href":"http:\/\/estampadosprato.com\/index.php?rest_route=\/wp\/v2\/types\/page"}],"author":[{"embeddable":true,"href":"http:\/\/estampadosprato.com\/index.php?rest_route=\/wp\/v2\/users\/1"}],"replies":[{"embeddable":true,"href":"http:\/\/estampadosprato.com\/index.php?rest_route=%2Fwp%2Fv2%2Fcomments&post=196"}],"version-history":[{"count":9,"href":"http:\/\/estampadosprato.com\/index.php?rest_route=\/wp\/v2\/pages\/196\/revisions"}],"predecessor-version":[{"id":441,"href":"http:\/\/estampadosprato.com\/index.php?rest_route=\/wp\/v2\/pages\/196\/revisions\/441"}],"wp:attachment":[{"href":"http:\/\/estampadosprato.com\/index.php?rest_route=%2Fwp%2Fv2%2Fmedia&parent=196"}],"curies":[{"name":"wp","href":"https:\/\/api.w.org\/{rel}","templated":true}]}}